{"id":9583,"date":"2026-02-03T14:23:01","date_gmt":"2026-02-03T14:23:01","guid":{"rendered":"https:\/\/demo.themnific.com\/farewell\/?page_id=9583"},"modified":"2026-03-25T15:37:33","modified_gmt":"2026-03-25T14:37:33","slug":"landing","status":"publish","type":"page","link":"https:\/\/www.waldstadt-bestattungen.de\/","title":{"rendered":"Waldstadt Bestattungen"},"content":{"rendered":"\t\t<div data-elementor-type=\"wp-page\" data-elementor-id=\"9583\" class=\"elementor elementor-9583\" data-elementor-post-type=\"page\">\n\t\t\t\t\t\t<section class=\"elementor-section elementor-top-section elementor-element elementor-element-444756ce tmnf_overflow elementor-section-boxed elementor-section-height-default elementor-section-height-default\" data-id=\"444756ce\" data-element_type=\"section\" data-e-type=\"section\" data-settings=\"{&quot;background_background&quot;:&quot;classic&quot;}\">\n\t\t\t\t\t\t\t<div class=\"elementor-background-overlay\"><\/div>\n\t\t\t\t\t\t\t<div class=\"elementor-container elementor-column-gap-no\">\n\t\t\t\t\t<div class=\"elementor-column elementor-col-100 elementor-top-column elementor-element elementor-element-5453a4af\" data-id=\"5453a4af\" data-element_type=\"column\" data-e-type=\"column\">\n\t\t\t<div class=\"elementor-widget-wrap elementor-element-populated\">\n\t\t\t\t\t\t<section class=\"elementor-section elementor-inner-section elementor-element elementor-element-5db91095 elementor-section-boxed elementor-section-height-default elementor-section-height-default\" data-id=\"5db91095\" data-element_type=\"section\" data-e-type=\"section\">\n\t\t\t\t\t\t<div class=\"elementor-container elementor-column-gap-wider\">\n\t\t\t\t\t<div class=\"elementor-column elementor-col-33 elementor-inner-column elementor-element elementor-element-2f69b9ed\" data-id=\"2f69b9ed\" data-element_type=\"column\" data-e-type=\"column\">\n\t\t\t<div class=\"elementor-widget-wrap elementor-element-populated\">\n\t\t\t\t\t\t<div class=\"elementor-element elementor-element-3e1d5e3 elementor-widget elementor-widget-image\" data-id=\"3e1d5e3\" data-element_type=\"widget\" data-e-type=\"widget\" data-widget_type=\"image.default\">\n\t\t\t\t\t\t\t\t\t\t\t\t\t\t\t\t<a href=\"https:\/\/demo.themnific.com\/farewell\/landing\/\">\n\t\t\t\t\t\t\t<img fetchpriority=\"high\" decoding=\"async\" width=\"500\" height=\"507\" src=\"https:\/\/www.waldstadt-bestattungen.de\/wp-content\/uploads\/2026\/03\/Waldstadt-black-transparent-mittel.png\" class=\"attachment-large size-large wp-image-15\" alt=\"\" srcset=\"https:\/\/www.waldstadt-bestattungen.de\/wp-content\/uploads\/2026\/03\/Waldstadt-black-transparent-mittel.png 500w, https:\/\/www.waldstadt-bestattungen.de\/wp-content\/uploads\/2026\/03\/Waldstadt-black-transparent-mittel-296x300.png 296w\" sizes=\"(max-width: 500px) 100vw, 500px\" \/>\t\t\t\t\t\t\t\t<\/a>\n\t\t\t\t\t\t\t\t\t\t\t\t\t\t\t<\/div>\n\t\t\t\t\t<\/div>\n\t\t<\/div>\n\t\t\t\t<div class=\"elementor-column elementor-col-33 elementor-inner-column elementor-element elementor-element-6a7d1f7\" data-id=\"6a7d1f7\" data-element_type=\"column\" data-e-type=\"column\">\n\t\t\t<div class=\"elementor-widget-wrap\">\n\t\t\t\t\t\t\t<\/div>\n\t\t<\/div>\n\t\t\t\t<div class=\"elementor-column elementor-col-33 elementor-inner-column elementor-element elementor-element-f4bfc65 elementor-hidden-tablet elementor-hidden-mobile\" data-id=\"f4bfc65\" data-element_type=\"column\" data-e-type=\"column\">\n\t\t\t<div class=\"elementor-widget-wrap\">\n\t\t\t\t\t\t\t<\/div>\n\t\t<\/div>\n\t\t\t\t\t<\/div>\n\t\t<\/section>\n\t\t\t\t<section class=\"elementor-section elementor-inner-section elementor-element elementor-element-2fba92a6 elementor-section-boxed elementor-section-height-default elementor-section-height-default\" data-id=\"2fba92a6\" data-element_type=\"section\" data-e-type=\"section\">\n\t\t\t\t\t\t<div class=\"elementor-container elementor-column-gap-wider\">\n\t\t\t\t\t<div class=\"elementor-column elementor-col-50 elementor-inner-column elementor-element elementor-element-62664059\" data-id=\"62664059\" data-element_type=\"column\" data-e-type=\"column\">\n\t\t\t<div class=\"elementor-widget-wrap elementor-element-populated\">\n\t\t\t\t\t\t<div class=\"elementor-element elementor-element-584af1a1 elementor-widget elementor-widget-heading\" data-id=\"584af1a1\" data-element_type=\"widget\" data-e-type=\"widget\" data-widget_type=\"heading.default\">\n\t\t\t\t\t<h1 class=\"elementor-heading-title elementor-size-xxl\">Hinweis zur Bestattungsvorsorge Waldstadt Bestattungen \u2013 \u00dcbernahme bestehender Vertr\u00e4ge m\u00f6glich<\/h1>\t\t\t\t<\/div>\n\t\t\t\t<div class=\"elementor-element elementor-element-9f83aab elementor-widget elementor-widget-heading\" data-id=\"9f83aab\" data-element_type=\"widget\" data-e-type=\"widget\" data-widget_type=\"heading.default\">\n\t\t\t\t\t<p class=\"elementor-heading-title elementor-size-default\">Im Zuge des Privat-Verkaufs der Immobilie, in der zuvor das Bestattungsunternehmen Waldstadt ans\u00e4ssig war, wurden Vorsorgeunterlagen gefunden, die mit dem inzwischen geschlossenen Unternehmen abgeschlossen wurden.<\/p>\t\t\t\t<\/div>\n\t\t\t\t<div class=\"elementor-element elementor-element-8f286d7 elementor-widget elementor-widget-button\" data-id=\"8f286d7\" data-element_type=\"widget\" data-e-type=\"widget\" data-widget_type=\"button.default\">\n\t\t\t\t\t\t\t\t\t\t<a class=\"elementor-button elementor-button-link elementor-size-sm\" href=\"#info\">\n\t\t\t\t\t\t<span class=\"elementor-button-content-wrapper\">\n\t\t\t\t\t\t\t\t\t<span class=\"elementor-button-text\">Weitere Informationen<\/span>\n\t\t\t\t\t<\/span>\n\t\t\t\t\t<\/a>\n\t\t\t\t\t\t\t\t<\/div>\n\t\t\t\t\t<\/div>\n\t\t<\/div>\n\t\t\t\t<div class=\"elementor-column elementor-col-50 elementor-inner-column elementor-element elementor-element-224d6be1 elementor-hidden-tablet elementor-hidden-mobile\" data-id=\"224d6be1\" data-element_type=\"column\" data-e-type=\"column\">\n\t\t\t<div class=\"elementor-widget-wrap\">\n\t\t\t\t\t\t\t<\/div>\n\t\t<\/div>\n\t\t\t\t\t<\/div>\n\t\t<\/section>\n\t\t\t\t\t<\/div>\n\t\t<\/div>\n\t\t\t\t\t<\/div>\n\t\t<\/section>\n\t\t<div class=\"elementor-element elementor-element-4488a18 e-flex e-con-boxed e-con e-child\" data-id=\"4488a18\" data-element_type=\"container\" data-e-type=\"container\" data-settings=\"{&quot;background_background&quot;:&quot;gradient&quot;}\">\n\t\t\t\t\t<div class=\"e-con-inner\">\n\t\t<div class=\"elementor-element elementor-element-c4c1df5 e-con-full e-flex e-con e-child\" data-id=\"c4c1df5\" data-element_type=\"container\" data-e-type=\"container\" data-settings=\"{&quot;background_background&quot;:&quot;classic&quot;}\">\n\t\t\t\t<div class=\"elementor-element elementor-element-b6d4e7e elementor-widget elementor-widget-menu-anchor\" data-id=\"b6d4e7e\" data-element_type=\"widget\" data-e-type=\"widget\" data-widget_type=\"menu-anchor.default\">\n\t\t\t\t\t\t\t<div class=\"elementor-menu-anchor\" id=\"info\"><\/div>\n\t\t\t\t\t\t<\/div>\n\t\t\t\t<div class=\"elementor-element elementor-element-f48969e elementor-widget elementor-widget-text-editor\" data-id=\"f48969e\" data-element_type=\"widget\" data-e-type=\"widget\" data-widget_type=\"text-editor.default\">\n\t\t\t\t\t\t\t\t\t<p>Da der Betrieb dauerhaft eingestellt wurde und kein Nachfolger existiert, k\u00f6nnen die Vorsorgevertr\u00e4ge in ihrer urspr\u00fcnglichen Form nicht ausgef\u00fchrt werden: derzeit ist unklar, wer die Bestattung \u00fcbernimmt und wie die finanzielle Vorsorge daf\u00fcr reibungslos eingesetzt werden kann. Die betroffenen Vorsorgenden sollten sich daher zeitnah an ein neues Bestattungsunternehmen wenden, um die Vorsorge zu \u00fcberpr\u00fcfen und gegebenenfalls neu zu regeln.<br \/><br \/><b>Unser Angebot:<\/b><br \/>Der neue und private Eigent\u00fcmer der Immobilie ist im Bestattungsinstitut Deufrains der Familie Haas t\u00e4tig. Wir, die <a href=\"https:\/\/deufrains.de\/\">Bestattungshaus Deufrains GmbH<\/a>, m\u00f6chten Ihnen daher \u2013 selbstverst\u00e4ndlich unverbindlich \u2013 anbieten, Ihre bestehende Vorsorge bei uns fortzuf\u00fchren oder neu zu gestalten. Wir beraten Sie gerne pers\u00f6nlich zu allen Fragen rund um Ihre Bestattungsw\u00fcnsche.<br \/><br \/>Wir w\u00fcrden uns freuen, Sie kennenzulernen und Ihnen bei der Sicherung Ihrer Vorsorge zur Seite zu stehen.<br \/><br \/>Wenn Sie R\u00fcckfrage haben, melden Sie sich gern \u2013 per E-Mail an mich oder auch telefonisch.<br \/><br \/>Hier gelangen Sie zu unserer Website: <a href=\"https:\/\/deufrains.de\">deufrains.de<\/a><\/p>\t\t\t\t\t\t\t\t<\/div>\n\t\t<div class=\"elementor-element elementor-element-bf992ed e-con-full e-flex e-con e-child\" data-id=\"bf992ed\" data-element_type=\"container\" data-e-type=\"container\">\n\t\t\t\t<div class=\"elementor-element elementor-element-784f743 elementor-position-inline-start elementor-tablet-position-block-start elementor-widget__width-initial elementor-widget-mobile__width-inherit elementor-view-default elementor-mobile-position-block-start elementor-widget elementor-widget-icon-box\" data-id=\"784f743\" data-element_type=\"widget\" data-e-type=\"widget\" data-widget_type=\"icon-box.default\">\n\t\t\t\t\t\t\t<div class=\"elementor-icon-box-wrapper\">\n\n\t\t\t\t\t\t<div class=\"elementor-icon-box-icon\">\n\t\t\t\t<span  class=\"elementor-icon\">\n\t\t\t\t<svg aria-hidden=\"true\" class=\"e-font-icon-svg e-fas-map-marker-alt\" viewBox=\"0 0 384 512\" xmlns=\"http:\/\/www.w3.org\/2000\/svg\"><path d=\"M172.268 501.67C26.97 291.031 0 269.413 0 192 0 85.961 85.961 0 192 0s192 85.961 192 192c0 77.413-26.97 99.031-172.268 309.67-9.535 13.774-29.93 13.773-39.464 0zM192 272c44.183 0 80-35.817 80-80s-35.817-80-80-80-80 35.817-80 80 35.817 80 80 80z\"><\/path><\/svg>\t\t\t\t<\/span>\n\t\t\t<\/div>\n\t\t\t\n\t\t\t\t\t\t<div class=\"elementor-icon-box-content\">\n\n\t\t\t\t\t\t\t\t\t<h3 class=\"elementor-icon-box-title\">\n\t\t\t\t\t\t<span  >\n\t\t\t\t\t\t\tB\u00fcro &amp; Arbeitszeiten\t\t\t\t\t\t<\/span>\n\t\t\t\t\t<\/h3>\n\t\t\t\t\n\t\t\t\t\t\t\t\t\t<p class=\"elementor-icon-box-description\">\n\t\t\t\t\t\t<strong>Bestattungshaus Deufrains GmbH<\/strong><br>\nRatzeburgstra\u00dfe 12, <br>\n16225 Eberswalde\n<br>\n\u00d6ffnungszeiten Gesch\u00e4ftsr\u00e4ume <br>Montag bis Freitag 10:00 Uhr - 16:00 Uhr\t\t\t\t\t<\/p>\n\t\t\t\t\n\t\t\t<\/div>\n\t\t\t\n\t\t<\/div>\n\t\t\t\t\t\t<\/div>\n\t\t\t\t<div class=\"elementor-element elementor-element-7468210 elementor-position-inline-start elementor-tablet-position-block-start elementor-widget__width-initial elementor-widget-mobile__width-inherit elementor-view-default elementor-mobile-position-block-start elementor-widget elementor-widget-icon-box\" data-id=\"7468210\" data-element_type=\"widget\" data-e-type=\"widget\" data-widget_type=\"icon-box.default\">\n\t\t\t\t\t\t\t<div class=\"elementor-icon-box-wrapper\">\n\n\t\t\t\t\t\t<div class=\"elementor-icon-box-icon\">\n\t\t\t\t<a href=\"tel:0049333422641\" class=\"elementor-icon\" tabindex=\"-1\" aria-label=\"Jetzt anrufen\">\n\t\t\t\t<svg aria-hidden=\"true\" class=\"e-font-icon-svg e-fas-info-circle\" viewBox=\"0 0 512 512\" xmlns=\"http:\/\/www.w3.org\/2000\/svg\"><path d=\"M256 8C119.043 8 8 119.083 8 256c0 136.997 111.043 248 248 248s248-111.003 248-248C504 119.083 392.957 8 256 8zm0 110c23.196 0 42 18.804 42 42s-18.804 42-42 42-42-18.804-42-42 18.804-42 42-42zm56 254c0 6.627-5.373 12-12 12h-88c-6.627 0-12-5.373-12-12v-24c0-6.627 5.373-12 12-12h12v-64h-12c-6.627 0-12-5.373-12-12v-24c0-6.627 5.373-12 12-12h64c6.627 0 12 5.373 12 12v100h12c6.627 0 12 5.373 12 12v24z\"><\/path><\/svg>\t\t\t\t<\/a>\n\t\t\t<\/div>\n\t\t\t\n\t\t\t\t\t\t<div class=\"elementor-icon-box-content\">\n\n\t\t\t\t\t\t\t\t\t<h3 class=\"elementor-icon-box-title\">\n\t\t\t\t\t\t<a href=\"tel:0049333422641\" >\n\t\t\t\t\t\t\tJetzt anrufen\t\t\t\t\t\t<\/a>\n\t\t\t\t\t<\/h3>\n\t\t\t\t\n\t\t\t\t\t\t\t\t\t<p class=\"elementor-icon-box-description\">\n\t\t\t\t\t\tWir sind innerhalb unserer Gesch\u00e4ftszeiten immer f\u00fcr Sie erreichbar. In Notf\u00e4llen k\u00f6nnen Sie uns rund um die Uhr erreichen.<br><b>Telefon: 03334 22641<\/b>\n\t\t\t\t\t<\/p>\n\t\t\t\t\n\t\t\t<\/div>\n\t\t\t\n\t\t<\/div>\n\t\t\t\t\t\t<\/div>\n\t\t\t\t<div class=\"elementor-element elementor-element-903184f elementor-position-inline-start elementor-tablet-position-block-start elementor-widget__width-initial elementor-widget-mobile__width-inherit elementor-view-default elementor-mobile-position-block-start elementor-widget elementor-widget-icon-box\" data-id=\"903184f\" data-element_type=\"widget\" data-e-type=\"widget\" data-widget_type=\"icon-box.default\">\n\t\t\t\t\t\t\t<div class=\"elementor-icon-box-wrapper\">\n\n\t\t\t\t\t\t<div class=\"elementor-icon-box-icon\">\n\t\t\t\t<a href=\"mailto:info@waldstadt-bestattungen.de\" class=\"elementor-icon\" tabindex=\"-1\" aria-label=\"Schreiben Sie uns zu Ihrem Vertrag:\">\n\t\t\t\t<svg aria-hidden=\"true\" class=\"e-font-icon-svg e-fas-envelope-open\" viewBox=\"0 0 512 512\" xmlns=\"http:\/\/www.w3.org\/2000\/svg\"><path d=\"M512 464c0 26.51-21.49 48-48 48H48c-26.51 0-48-21.49-48-48V200.724a48 48 0 0 1 18.387-37.776c24.913-19.529 45.501-35.365 164.2-121.511C199.412 29.17 232.797-.347 256 .003c23.198-.354 56.596 29.172 73.413 41.433 118.687 86.137 139.303 101.995 164.2 121.512A48 48 0 0 1 512 200.724V464zm-65.666-196.605c-2.563-3.728-7.7-4.595-11.339-1.907-22.845 16.873-55.462 40.705-105.582 77.079-16.825 12.266-50.21 41.781-73.413 41.43-23.211.344-56.559-29.143-73.413-41.43-50.114-36.37-82.734-60.204-105.582-77.079-3.639-2.688-8.776-1.821-11.339 1.907l-9.072 13.196a7.998 7.998 0 0 0 1.839 10.967c22.887 16.899 55.454 40.69 105.303 76.868 20.274 14.781 56.524 47.813 92.264 47.573 35.724.242 71.961-32.771 92.263-47.573 49.85-36.179 82.418-59.97 105.303-76.868a7.998 7.998 0 0 0 1.839-10.967l-9.071-13.196z\"><\/path><\/svg>\t\t\t\t<\/a>\n\t\t\t<\/div>\n\t\t\t\n\t\t\t\t\t\t<div class=\"elementor-icon-box-content\">\n\n\t\t\t\t\t\t\t\t\t<h3 class=\"elementor-icon-box-title\">\n\t\t\t\t\t\t<a href=\"mailto:info@waldstadt-bestattungen.de\" >\n\t\t\t\t\t\t\tSchreiben Sie uns zu Ihrem Vertrag:\t\t\t\t\t\t<\/a>\n\t\t\t\t\t<\/h3>\n\t\t\t\t\n\t\t\t\t\t\t\t\t\t<p class=\"elementor-icon-box-description\">\n\t\t\t\t\t\tWir antworten innerhalb unserer Gesch\u00e4ftszeiten in kurzer Zeit:<br>\n<strong>info@waldstadt-bestattungen.de<\/strong><br>\n<br>\t\t\t\t\t<\/p>\n\t\t\t\t\n\t\t\t<\/div>\n\t\t\t\n\t\t<\/div>\n\t\t\t\t\t\t<\/div>\n\t\t\t\t<\/div>\n\t\t\t\t<\/div>\n\t\t\t\t\t<\/div>\n\t\t\t\t<\/div>\n\t\t<div class=\"elementor-element elementor-element-ec8bb1b e-flex e-con-boxed e-con e-parent\" data-id=\"ec8bb1b\" data-element_type=\"container\" data-e-type=\"container\">\n\t\t\t\t\t<div class=\"e-con-inner\">\n\t\t<div class=\"elementor-element elementor-element-43930b3 e-con-full elementor-hidden-tablet elementor-hidden-mobile e-flex e-con e-child\" data-id=\"43930b3\" data-element_type=\"container\" data-e-type=\"container\">\n\t\t\t\t<div class=\"elementor-element elementor-element-58de4c0 elementor-widget elementor-widget-image\" data-id=\"58de4c0\" data-element_type=\"widget\" data-e-type=\"widget\" data-widget_type=\"image.default\">\n\t\t\t\t\t\t\t\t\t\t\t\t\t\t\t<img decoding=\"async\" src=\"https:\/\/www.waldstadt-bestattungen.de\/wp-content\/uploads\/2026\/03\/Gruppenfoto_bearbeitet_02.webp\" title=\"Gruppenfoto_bearbeitet_02.webp\" alt=\"Gruppenfoto_bearbeitet_02.webp\" loading=\"lazy\" \/>\t\t\t\t\t\t\t\t\t\t\t\t\t\t\t<\/div>\n\t\t\t\t<div class=\"elementor-element elementor-element-537b6a8 elementor-widget elementor-widget-image\" data-id=\"537b6a8\" data-element_type=\"widget\" data-e-type=\"widget\" data-widget_type=\"image.default\">\n\t\t\t\t\t\t\t\t\t\t\t\t\t\t\t<img decoding=\"async\" src=\"https:\/\/www.waldstadt-bestattungen.de\/wp-content\/uploads\/elementor\/thumbs\/Raeumlichkeiten-1920w-rkzfl7urphyqv3adgtrk4ey2m1bavdp1g4lccu5xtc.jpg\" title=\"Raeumlichkeiten-1920w\" alt=\"Raeumlichkeiten-1920w\" loading=\"lazy\" \/>\t\t\t\t\t\t\t\t\t\t\t\t\t\t\t<\/div>\n\t\t\t\t<\/div>\n\t\t<div class=\"elementor-element elementor-element-375e55c e-con-full e-flex e-con e-child\" data-id=\"375e55c\" data-element_type=\"container\" data-e-type=\"container\">\n\t\t<div class=\"elementor-element elementor-element-9ded817 e-con-full e-flex e-con e-child\" data-id=\"9ded817\" data-element_type=\"container\" data-e-type=\"container\">\n\t\t\t\t<div class=\"elementor-element elementor-element-9f67c18 elementor-widget elementor-widget-heading\" data-id=\"9f67c18\" data-element_type=\"widget\" data-e-type=\"widget\" data-widget_type=\"heading.default\">\n\t\t\t\t\t<h3 class=\"elementor-heading-title elementor-size-default\">\u00dcber das Bestattungshaus Deufrains<\/h3>\t\t\t\t<\/div>\n\t\t\t\t<div class=\"elementor-element elementor-element-00cf8e0 elementor-widget elementor-widget-heading\" data-id=\"00cf8e0\" data-element_type=\"widget\" data-e-type=\"widget\" data-widget_type=\"heading.default\">\n\t\t\t\t\t<h2 class=\"elementor-heading-title elementor-size-default\">Die Familie Haas ist seit Jahrzehnten f\u00fcr Sie da.<\/h2>\t\t\t\t<\/div>\n\t\t\t\t<\/div>\n\t\t<div class=\"elementor-element elementor-element-cbc1705 e-con-full e-flex e-con e-child\" data-id=\"cbc1705\" data-element_type=\"container\" data-e-type=\"container\" data-settings=\"{&quot;background_background&quot;:&quot;classic&quot;}\">\n\t\t<div class=\"elementor-element elementor-element-a58b87e e-con-full e-flex e-con e-child\" data-id=\"a58b87e\" data-element_type=\"container\" data-e-type=\"container\">\n\t\t\t\t<div class=\"elementor-element elementor-element-9d524cf elementor-widget elementor-widget-text-editor\" data-id=\"9d524cf\" data-element_type=\"widget\" data-e-type=\"widget\" data-widget_type=\"text-editor.default\">\n\t\t\t\t\t\t\t\t\t<p>Ein Trauerfall ist emotional belastend \u2013 die Organisation darf es nicht sein. Wir \u00fcbernehmen alle Formalit\u00e4ten, koordinieren Termine und strukturieren den Ablauf. Sie bekommen von uns kein Standard-Paket, sondern eine pers\u00f6nliche Betreuung in den schwersten Stunden.<\/p>\t\t\t\t\t\t\t\t<\/div>\n\t\t\t\t<div class=\"elementor-element elementor-element-370da2a elementor-hidden-desktop elementor-widget elementor-widget-image\" data-id=\"370da2a\" data-element_type=\"widget\" data-e-type=\"widget\" data-widget_type=\"image.default\">\n\t\t\t\t\t\t\t\t\t\t\t\t\t\t\t<img decoding=\"async\" src=\"https:\/\/www.waldstadt-bestattungen.de\/wp-content\/uploads\/2026\/03\/Gruppenfoto_bearbeitet_02.webp\" title=\"Gruppenfoto_bearbeitet_02.webp\" alt=\"Gruppenfoto_bearbeitet_02.webp\" loading=\"lazy\" \/>\t\t\t\t\t\t\t\t\t\t\t\t\t\t\t<\/div>\n\t\t\t\t<\/div>\n\t\t\t\t<div class=\"elementor-element elementor-element-5f6ffda elementor-widget__width-initial elementor-widget-mobile__width-initial elementor-position-top elementor-widget elementor-widget-image-box\" data-id=\"5f6ffda\" data-element_type=\"widget\" data-e-type=\"widget\" data-widget_type=\"image-box.default\">\n\t\t\t\t\t<div class=\"elementor-image-box-wrapper\"><figure class=\"elementor-image-box-img\"><img decoding=\"async\" width=\"512\" height=\"512\" src=\"https:\/\/www.waldstadt-bestattungen.de\/wp-content\/uploads\/2026\/03\/Erde-und-Kreuz.png\" class=\"attachment-full size-full wp-image-9806\" alt=\"\" srcset=\"https:\/\/www.waldstadt-bestattungen.de\/wp-content\/uploads\/2026\/03\/Erde-und-Kreuz.png 512w, https:\/\/www.waldstadt-bestattungen.de\/wp-content\/uploads\/2026\/03\/Erde-und-Kreuz-300x300.png 300w, https:\/\/www.waldstadt-bestattungen.de\/wp-content\/uploads\/2026\/03\/Erde-und-Kreuz-150x150.png 150w\" sizes=\"(max-width: 512px) 100vw, 512px\" \/><\/figure><div class=\"elementor-image-box-content\"><h3 class=\"elementor-image-box-title\">Bestattungen<\/h3><p class=\"elementor-image-box-description\">Eine Bestattung ganz nach Ihrem Wunsch, wir sind f\u00fcr Sie und Ihre Vorstellungen da. F\u00fcr etwas Sch\u00f6nes beim Abschluss.<\/p><\/div><\/div>\t\t\t\t<\/div>\n\t\t\t\t<div class=\"elementor-element elementor-element-9cfdd32 elementor-widget__width-initial elementor-widget-mobile__width-initial elementor-position-top elementor-widget elementor-widget-image-box\" data-id=\"9cfdd32\" data-element_type=\"widget\" data-e-type=\"widget\" data-widget_type=\"image-box.default\">\n\t\t\t\t\t<div class=\"elementor-image-box-wrapper\"><figure class=\"elementor-image-box-img\"><img decoding=\"async\" width=\"512\" height=\"512\" src=\"https:\/\/www.waldstadt-bestattungen.de\/wp-content\/uploads\/2026\/03\/Menschen-vor-Sarg.png\" class=\"attachment-full size-full wp-image-9808\" alt=\"\" srcset=\"https:\/\/www.waldstadt-bestattungen.de\/wp-content\/uploads\/2026\/03\/Menschen-vor-Sarg.png 512w, https:\/\/www.waldstadt-bestattungen.de\/wp-content\/uploads\/2026\/03\/Menschen-vor-Sarg-300x300.png 300w, https:\/\/www.waldstadt-bestattungen.de\/wp-content\/uploads\/2026\/03\/Menschen-vor-Sarg-150x150.png 150w\" sizes=\"(max-width: 512px) 100vw, 512px\" \/><\/figure><div class=\"elementor-image-box-content\"><h3 class=\"elementor-image-box-title\">Betreuung<\/h3><p class=\"elementor-image-box-description\">Wir erledigen alle organisatorischen Dinge f\u00fcr Sie, damit Sie sich nicht darum k\u00fcmmern m\u00fcssen.<\/p><\/div><\/div>\t\t\t\t<\/div>\n\t\t\t\t<div class=\"elementor-element elementor-element-41039c9 elementor-widget__width-initial elementor-widget-mobile__width-initial elementor-position-top elementor-widget elementor-widget-image-box\" data-id=\"41039c9\" data-element_type=\"widget\" data-e-type=\"widget\" data-widget_type=\"image-box.default\">\n\t\t\t\t\t<div class=\"elementor-image-box-wrapper\"><figure class=\"elementor-image-box-img\"><img loading=\"lazy\" decoding=\"async\" width=\"512\" height=\"512\" src=\"https:\/\/www.waldstadt-bestattungen.de\/wp-content\/uploads\/2026\/03\/Erinngerungscafe.png\" class=\"attachment-full size-full wp-image-9807\" alt=\"\" srcset=\"https:\/\/www.waldstadt-bestattungen.de\/wp-content\/uploads\/2026\/03\/Erinngerungscafe.png 512w, https:\/\/www.waldstadt-bestattungen.de\/wp-content\/uploads\/2026\/03\/Erinngerungscafe-300x300.png 300w, https:\/\/www.waldstadt-bestattungen.de\/wp-content\/uploads\/2026\/03\/Erinngerungscafe-150x150.png 150w\" sizes=\"(max-width: 512px) 100vw, 512px\" \/><\/figure><div class=\"elementor-image-box-content\"><h3 class=\"elementor-image-box-title\">Erinnerungscaf\u00e9<\/h3><p class=\"elementor-image-box-description\">Noch einmal mit der ganzen Familie im privaten Rahmen zusammenkommen, um das Leben zu feiern. M\u00f6glich bei uns.<\/p><\/div><\/div>\t\t\t\t<\/div>\n\t\t\t\t<div class=\"elementor-element elementor-element-4798ed1 elementor-widget__width-initial elementor-widget-mobile__width-initial elementor-position-top elementor-widget elementor-widget-image-box\" data-id=\"4798ed1\" data-element_type=\"widget\" data-e-type=\"widget\" data-widget_type=\"image-box.default\">\n\t\t\t\t\t<div class=\"elementor-image-box-wrapper\"><figure class=\"elementor-image-box-img\"><img loading=\"lazy\" decoding=\"async\" width=\"512\" height=\"512\" src=\"https:\/\/www.waldstadt-bestattungen.de\/wp-content\/uploads\/2026\/03\/Ort-Pin.png\" class=\"attachment-full size-full wp-image-9825\" alt=\"\" srcset=\"https:\/\/www.waldstadt-bestattungen.de\/wp-content\/uploads\/2026\/03\/Ort-Pin.png 512w, https:\/\/www.waldstadt-bestattungen.de\/wp-content\/uploads\/2026\/03\/Ort-Pin-300x300.png 300w, https:\/\/www.waldstadt-bestattungen.de\/wp-content\/uploads\/2026\/03\/Ort-Pin-150x150.png 150w\" sizes=\"(max-width: 512px) 100vw, 512px\" \/><\/figure><div class=\"elementor-image-box-content\"><h3 class=\"elementor-image-box-title\">Bestattungsvorsorge<\/h3><p class=\"elementor-image-box-description\">Regeln Sie alles schon zu Lebzeiten \u2013 f\u00fcr Ihr eigenes gutes Gef\u00fchl und zur Entlastung Ihrer Angeh\u00f6rigen.<\/p><\/div><\/div>\t\t\t\t<\/div>\n\t\t\t\t<\/div>\n\t\t\t\t<\/div>\n\t\t\t\t\t<\/div>\n\t\t\t\t<\/div>\n\t\t<div class=\"elementor-element elementor-element-27a4a06 e-flex e-con-boxed e-con e-parent\" data-id=\"27a4a06\" data-element_type=\"container\" data-e-type=\"container\">\n\t\t\t\t\t<div class=\"e-con-inner\">\n\t\t\t\t<div class=\"elementor-element elementor-element-30067d7 elementor-align-center elementor-widget elementor-widget-button\" data-id=\"30067d7\" data-element_type=\"widget\" data-e-type=\"widget\" data-widget_type=\"button.default\">\n\t\t\t\t\t\t\t\t\t\t<a class=\"elementor-button elementor-button-link elementor-size-sm\" href=\"#info\">\n\t\t\t\t\t\t<span class=\"elementor-button-content-wrapper\">\n\t\t\t\t\t\t\t\t\t<span class=\"elementor-button-text\">Weitere Informationen<\/span>\n\t\t\t\t\t<\/span>\n\t\t\t\t\t<\/a>\n\t\t\t\t\t\t\t\t<\/div>\n\t\t\t\t\t<\/div>\n\t\t\t\t<\/div>\n\t\t<div class=\"elementor-element elementor-element-f585484 e-flex e-con-boxed e-con e-parent\" data-id=\"f585484\" data-element_type=\"container\" data-e-type=\"container\">\n\t\t\t\t\t<div class=\"e-con-inner\">\n\t\t\t\t<div class=\"elementor-element elementor-element-9bafcb8 elementor-widget elementor-widget-text-editor\" data-id=\"9bafcb8\" data-element_type=\"widget\" data-e-type=\"widget\" data-widget_type=\"text-editor.default\">\n\t\t\t\t\t\t\t\t\t<p><a href=\"https:\/\/deufrains.de\/impressum\/\">Impressum<\/a> &#8211; <a href=\"https:\/\/deufrains.de\/datenschutzbedingungen\/\">Datenschutz<\/a><\/p>\t\t\t\t\t\t\t\t<\/div>\n\t\t\t\t\t<\/div>\n\t\t\t\t<\/div>\n\t\t\t\t<\/div>\n\t\t","protected":false},"excerpt":{"rendered":"<p>Hinweis zur Bestattungsvorsorge Waldstadt Bestattungen \u2013 \u00dcbernahme bestehender Vertr\u00e4ge m\u00f6glich Im Zuge des Privat-Verkaufs der Immobilie, in der zuvor das Bestattungsunternehmen Waldstadt ans\u00e4ssig war, wurden Vorsorgeunterlagen gefunden, die mit dem\u2026<\/p>\n","protected":false},"author":1,"featured_media":0,"parent":0,"menu_order":0,"comment_status":"closed","ping_status":"closed","template":"elementor_canvas","meta":{"footnotes":""},"class_list":["post-9583","page","type-page","status-publish","hentry"],"_links":{"self":[{"href":"https:\/\/www.waldstadt-bestattungen.de\/index.php?rest_route=\/wp\/v2\/pages\/9583","targetHints":{"allow":["GET"]}}],"collection":[{"href":"https:\/\/www.waldstadt-bestattungen.de\/index.php?rest_route=\/wp\/v2\/pages"}],"about":[{"href":"https:\/\/www.waldstadt-bestattungen.de\/index.php?rest_route=\/wp\/v2\/types\/page"}],"author":[{"embeddable":true,"href":"https:\/\/www.waldstadt-bestattungen.de\/index.php?rest_route=\/wp\/v2\/users\/1"}],"replies":[{"embeddable":true,"href":"https:\/\/www.waldstadt-bestattungen.de\/index.php?rest_route=%2Fwp%2Fv2%2Fcomments&post=9583"}],"version-history":[{"count":86,"href":"https:\/\/www.waldstadt-bestattungen.de\/index.php?rest_route=\/wp\/v2\/pages\/9583\/revisions"}],"predecessor-version":[{"id":9850,"href":"https:\/\/www.waldstadt-bestattungen.de\/index.php?rest_route=\/wp\/v2\/pages\/9583\/revisions\/9850"}],"wp:attachment":[{"href":"https:\/\/www.waldstadt-bestattungen.de\/index.php?rest_route=%2Fwp%2Fv2%2Fmedia&parent=9583"}],"curies":[{"name":"wp","href":"https:\/\/api.w.org\/{rel}","templated":true}]}}